{"id":636,"date":"2016-05-26T11:19:56","date_gmt":"2016-05-26T09:19:56","guid":{"rendered":"http:\/\/escm-ccic.org\/?page_id=636"},"modified":"2016-06-12T18:28:02","modified_gmt":"2016-06-12T16:28:02","slug":"escm-presentation","status":"publish","type":"page","link":"https:\/\/escm-ccic.org\/index.php\/escm\/escm-presentation\/","title":{"rendered":"PRESENTATION"},"content":{"rendered":"<div id=\"pl-636\"  class=\"panel-layout\" ><div id=\"pg-636-0\"  class=\"panel-grid panel-has-style\" ><div style=\"padding: 100px 0; \" class=\"panel-row-style panel-row-style-for-636-0\" ><div id=\"pgc-636-0-0\"  class=\"panel-grid-cell\" ><div id=\"panel-636-0-0-0\" class=\"so-panel widget widget_sow-image panel-first-child\" data-index=\"0\" ><div\n\t\t\t\n\t\t\tclass=\"so-widget-sow-image so-widget-sow-image-default-dbf295114b96-636\"\n\t\t\t\n\t\t>\n\n<div class=\"sow-image-container\">\n\t\t<img loading=\"lazy\" decoding=\"async\" src=\"https:\/\/escm-ccic.org\/wp-content\/uploads\/2016\/05\/ESCM-BUREAU-ET-BENEVOLE.jpg\" width=\"4608\" height=\"3456\" srcset=\"https:\/\/escm-ccic.org\/wp-content\/uploads\/2016\/05\/ESCM-BUREAU-ET-BENEVOLE.jpg 4608w, https:\/\/escm-ccic.org\/wp-content\/uploads\/2016\/05\/ESCM-BUREAU-ET-BENEVOLE-300x225.jpg 300w, https:\/\/escm-ccic.org\/wp-content\/uploads\/2016\/05\/ESCM-BUREAU-ET-BENEVOLE-768x576.jpg 768w, https:\/\/escm-ccic.org\/wp-content\/uploads\/2016\/05\/ESCM-BUREAU-ET-BENEVOLE-1024x768.jpg 1024w, https:\/\/escm-ccic.org\/wp-content\/uploads\/2016\/05\/ESCM-BUREAU-ET-BENEVOLE-480x360.jpg 480w, https:\/\/escm-ccic.org\/wp-content\/uploads\/2016\/05\/ESCM-BUREAU-ET-BENEVOLE-830x623.jpg 830w, https:\/\/escm-ccic.org\/wp-content\/uploads\/2016\/05\/ESCM-BUREAU-ET-BENEVOLE-230x173.jpg 230w, https:\/\/escm-ccic.org\/wp-content\/uploads\/2016\/05\/ESCM-BUREAU-ET-BENEVOLE-350x263.jpg 350w\" sizes=\"(max-width: 4608px) 100vw, 4608px\" title=\"Les membres du bureau de l&#039;ESCM et b\u00e9n\u00e9voles\" alt=\"\" \t\tclass=\"so-widget-image\"\/>\n\t<\/div>\n\n<\/div><\/div><div id=\"panel-636-0-0-1\" class=\"so-panel widget widget_sow-editor\" data-index=\"1\" ><div\n\t\t\t\n\t\t\tclass=\"so-widget-sow-editor so-widget-sow-editor-base\"\n\t\t\t\n\t\t>\n<div class=\"siteorigin-widget-tinymce textwidget\">\n\t<p style=\"text-align: center;\"><span style=\"color: #ff6600;\">Les membres du bureau de l'ESCM et b\u00e9n\u00e9voles<\/span><\/p>\n<\/div>\n<\/div><\/div><div id=\"panel-636-0-0-2\" class=\"so-panel widget widget_sow-editor panel-last-child\" data-index=\"2\" ><div class=\"panel-widget-style panel-widget-style-for-636-0-0-2\" ><div\n\t\t\t\n\t\t\tclass=\"so-widget-sow-editor so-widget-sow-editor-base\"\n\t\t\t\n\t\t><h3 class=\"widget-title\">Bienvenue \u00e0 l\u2019ESCM<\/h3>\n<div class=\"siteorigin-widget-tinymce textwidget\">\n\t<p style=\"text-align: justify;\">L\u2019envol Social et Culturel pour Madagascar, ESCM, cr\u00e9\u00e9 en 2012, est une association culturelle \u00e0 but non lucratif r\u00e9gie par la loi du 1<sup>er<\/sup> juillet 1901.<\/p>\n<p style=\"text-align: justify;\">Implant\u00e9 en France, il soutient le Centre Culturel IASA Cyrille de Befandriana-Nord \u2013 Madagascar dans ses projets d\u2019aider les enfants des campagnes du Nord-Ouest de Madagascar \u00e0 sortir du ghetto de la pauvret\u00e9 par la r\u00e9ussite dans leurs \u00e9tudes et\/ou par l\u2019acquisition d\u2019un m\u00e9tier.<\/p>\n<p style=\"text-align: justify;\">Il vient \u00e9galement en aide aux handicap\u00e9s physiques de la r\u00e9gion Sofia.\u00a0\u00a0\u00a0\u00a0\u00a0\u00a0\u00a0\u00a0\u00a0\u00a0\u00a0\u00a0\u00a0\u00a0\u00a0\u00a0<\/p>\n<p style=\"text-align: justify;\">A long terme, l\u2019ESCM envisage d\u2019\u00e9tendre ces projets dans d\u2019autres r\u00e9gions de Madagascar.<\/p>\n<\/div>\n<\/div><\/div><\/div><\/div><\/div><\/div><\/div>","protected":false},"excerpt":{"rendered":"<p>Les membres du bureau de l&rsquo;ESCM et b\u00e9n\u00e9voles L\u2019envol Social et Culturel pour Madagascar, ESCM, cr\u00e9\u00e9 en 2012, est une association culturelle \u00e0 but non lucratif r\u00e9gie par la loi du 1er juillet 1901.Implant\u00e9 en France, il soutient le Centre Culturel IASA Cyrille de Befandriana-Nord \u2013 Madagascar dans ses projets d\u2019aider les enfants des campagnes [&hellip;]<\/p>\n","protected":false},"author":1,"featured_media":0,"parent":263,"menu_order":0,"comment_status":"closed","ping_status":"closed","template":"page-templates\/page_front-page.php","meta":{"ngg_post_thumbnail":0,"footnotes":""},"_links":{"self":[{"href":"https:\/\/escm-ccic.org\/index.php\/wp-json\/wp\/v2\/pages\/636"}],"collection":[{"href":"https:\/\/escm-ccic.org\/index.php\/wp-json\/wp\/v2\/pages"}],"about":[{"href":"https:\/\/escm-ccic.org\/index.php\/wp-json\/wp\/v2\/types\/page"}],"author":[{"embeddable":true,"href":"https:\/\/escm-ccic.org\/index.php\/wp-json\/wp\/v2\/users\/1"}],"replies":[{"embeddable":true,"href":"https:\/\/escm-ccic.org\/index.php\/wp-json\/wp\/v2\/comments?post=636"}],"version-history":[{"count":9,"href":"https:\/\/escm-ccic.org\/index.php\/wp-json\/wp\/v2\/pages\/636\/revisions"}],"predecessor-version":[{"id":725,"href":"https:\/\/escm-ccic.org\/index.php\/wp-json\/wp\/v2\/pages\/636\/revisions\/725"}],"up":[{"embeddable":true,"href":"https:\/\/escm-ccic.org\/index.php\/wp-json\/wp\/v2\/pages\/263"}],"wp:attachment":[{"href":"https:\/\/escm-ccic.org\/index.php\/wp-json\/wp\/v2\/media?parent=636"}],"curies":[{"name":"wp","href":"https:\/\/api.w.org\/{rel}","templated":true}]}}