{"id":352,"date":"2016-05-14T13:36:55","date_gmt":"2016-05-14T15:36:55","guid":{"rendered":"http:\/\/vps272717.ovh.net\/?page_id=352"},"modified":"2016-06-16T00:03:01","modified_gmt":"2016-06-15T22:03:01","slug":"ccic-presentation","status":"publish","type":"page","link":"https:\/\/escm-ccic.org\/index.php\/ccic-7\/ccic-presentation\/","title":{"rendered":"PRESENTATION"},"content":{"rendered":"<div id=\"pl-352\"  class=\"panel-layout\" ><div id=\"pg-352-0\"  class=\"panel-grid panel-has-style\" ><div style=\"padding: 100px 0; \" class=\"panel-row-style panel-row-style-for-352-0\" ><div id=\"pgc-352-0-0\"  class=\"panel-grid-cell\" ><div id=\"panel-352-0-0-0\" class=\"so-panel widget widget_sow-image panel-first-child\" data-index=\"0\" ><div class=\"panel-widget-style panel-widget-style-for-352-0-0-0\" ><div\n\t\t\t\n\t\t\tclass=\"so-widget-sow-image so-widget-sow-image-default-a258e6bfa2d8-352\"\n\t\t\t\n\t\t>\n\n<div class=\"sow-image-container\">\n\t\t<img loading=\"lazy\" decoding=\"async\" src=\"https:\/\/escm-ccic.org\/wp-content\/uploads\/2016\/05\/CCIC-BIENVENUE-1.jpg\" width=\"2592\" height=\"1944\" srcset=\"https:\/\/escm-ccic.org\/wp-content\/uploads\/2016\/05\/CCIC-BIENVENUE-1.jpg 2592w, https:\/\/escm-ccic.org\/wp-content\/uploads\/2016\/05\/CCIC-BIENVENUE-1-300x225.jpg 300w, https:\/\/escm-ccic.org\/wp-content\/uploads\/2016\/05\/CCIC-BIENVENUE-1-768x576.jpg 768w, https:\/\/escm-ccic.org\/wp-content\/uploads\/2016\/05\/CCIC-BIENVENUE-1-1024x768.jpg 1024w, https:\/\/escm-ccic.org\/wp-content\/uploads\/2016\/05\/CCIC-BIENVENUE-1-480x360.jpg 480w, https:\/\/escm-ccic.org\/wp-content\/uploads\/2016\/05\/CCIC-BIENVENUE-1-830x623.jpg 830w, https:\/\/escm-ccic.org\/wp-content\/uploads\/2016\/05\/CCIC-BIENVENUE-1-230x173.jpg 230w, https:\/\/escm-ccic.org\/wp-content\/uploads\/2016\/05\/CCIC-BIENVENUE-1-350x263.jpg 350w\" sizes=\"(max-width: 2592px) 100vw, 2592px\" title=\"CCIC-BIENVENUE 1\" alt=\"\" \t\tclass=\"so-widget-image\"\/>\n\t<\/div>\n\n<\/div><\/div><\/div><div id=\"panel-352-0-0-1\" class=\"so-panel widget widget_sow-editor panel-last-child\" data-index=\"1\" ><div class=\"panel-widget-style panel-widget-style-for-352-0-0-1\" ><div\n\t\t\t\n\t\t\tclass=\"so-widget-sow-editor so-widget-sow-editor-base\"\n\t\t\t\n\t\t><h3 class=\"widget-title\">Bienvenue au CCIC<\/h3>\n<div class=\"siteorigin-widget-tinymce textwidget\">\n\t<p style=\"text-align: justify;\">Le Centre Culturel IASA Cyrille, CCIC, est une association \u00e0 but non lucratif conforme \u00e0 l\u2019ordonnance 60-133 du 03\/10\/60 relative aux r\u00e9glementations g\u00e9n\u00e9rales des associations \u00e0 Madagascar. Il a \u00e9t\u00e9 cr\u00e9\u00e9 en 2004, \u00e0 Befandriana-Nord, une ville du Nord \u2013Ouest de Madagascar, dans la r\u00e9gion Sofia.<\/p>\n<p style=\"text-align: justify;\">Le CCIC a pour objectif d\u2019aider les \u00e9l\u00e8ves \u00e0 revenu modeste mais motiv\u00e9s \u00e0 r\u00e9ussir dans leurs \u00e9tudes, \u00e0 s\u2019ouvrir vers le monde ext\u00e9rieur et \u00e0 sortir du ghetto de la pauvret\u00e9 par l\u2019apprentissage et la ma\u00eetrise de la langue fran\u00e7aise qui est la langue d\u2019enseignement et de communication \u00e0 Madagascar.<\/p>\n<p style=\"text-align: justify;\">Il vient \u00e9galement en aide aux jeunes dipl\u00f4m\u00e9s d\u00e9favoris\u00e9s, frein\u00e9s dans leur recherche d\u2019emploi par manque de ma\u00eetrise de la langue fran\u00e7aise.<\/p>\n<p style=\"text-align: justify;\">Il donne aussi \u00e0 des filles et gar\u00e7ons d\u00e9scolaris\u00e9s des connaissances de base leur permettant d\u2019acqu\u00e9rir un m\u00e9tier \u00e0 travers des Activit\u00e9s G\u00e9n\u00e9ratrices de Revenus, AGR, telles que la cuisine, la couture, la p\u00e9pini\u00e8re, l\u2019apiculture et le tissage.<\/p>\n<\/div>\n<\/div><\/div><\/div><\/div><div id=\"pgc-352-0-1\"  class=\"panel-grid-cell\" ><div id=\"panel-352-0-1-0\" class=\"so-panel widget widget_sow-image panel-first-child\" data-index=\"2\" ><div class=\"panel-widget-style panel-widget-style-for-352-0-1-0\" ><div\n\t\t\t\n\t\t\tclass=\"so-widget-sow-image so-widget-sow-image-default-c67d20f9f743-352\"\n\t\t\t\n\t\t>\n\n<div class=\"sow-image-container\">\n\t\t<img loading=\"lazy\" decoding=\"async\" src=\"https:\/\/escm-ccic.org\/wp-content\/uploads\/2016\/05\/CCIC-Presentation2.jpg\" width=\"143\" height=\"233\" sizes=\"(max-width: 143px) 100vw, 143px\" title=\"District de Befandriana-Nord : en rouge  \" alt=\"\" \t\tclass=\"so-widget-image\"\/>\n\t<\/div>\n\n<\/div><\/div><\/div><div id=\"panel-352-0-1-1\" class=\"so-panel widget widget_sow-editor\" data-index=\"3\" ><div\n\t\t\t\n\t\t\tclass=\"so-widget-sow-editor so-widget-sow-editor-base\"\n\t\t\t\n\t\t>\n<div class=\"siteorigin-widget-tinymce textwidget\">\n\t<p style=\"text-align: center;\"><span style=\"color: #ff8e78;\">District de Befandriana-Nord : en rouge\u00a0 <\/span><\/p>\n<\/div>\n<\/div><\/div><div id=\"panel-352-0-1-2\" class=\"so-panel widget widget_sow-image\" data-index=\"4\" ><div class=\"panel-widget-style panel-widget-style-for-352-0-1-2\" ><div\n\t\t\t\n\t\t\tclass=\"so-widget-sow-image so-widget-sow-image-default-a258e6bfa2d8-352\"\n\t\t\t\n\t\t>\n\n<div class=\"sow-image-container\">\n\t\t<img loading=\"lazy\" decoding=\"async\" src=\"https:\/\/escm-ccic.org\/wp-content\/uploads\/2016\/05\/CCIC-BIENVENUE.jpg\" width=\"4608\" height=\"3456\" srcset=\"https:\/\/escm-ccic.org\/wp-content\/uploads\/2016\/05\/CCIC-BIENVENUE.jpg 4608w, https:\/\/escm-ccic.org\/wp-content\/uploads\/2016\/05\/CCIC-BIENVENUE-300x225.jpg 300w, https:\/\/escm-ccic.org\/wp-content\/uploads\/2016\/05\/CCIC-BIENVENUE-768x576.jpg 768w, https:\/\/escm-ccic.org\/wp-content\/uploads\/2016\/05\/CCIC-BIENVENUE-1024x768.jpg 1024w, https:\/\/escm-ccic.org\/wp-content\/uploads\/2016\/05\/CCIC-BIENVENUE-480x360.jpg 480w, https:\/\/escm-ccic.org\/wp-content\/uploads\/2016\/05\/CCIC-BIENVENUE-830x623.jpg 830w, https:\/\/escm-ccic.org\/wp-content\/uploads\/2016\/05\/CCIC-BIENVENUE-230x173.jpg 230w, https:\/\/escm-ccic.org\/wp-content\/uploads\/2016\/05\/CCIC-BIENVENUE-350x263.jpg 350w\" sizes=\"(max-width: 4608px) 100vw, 4608px\" alt=\"\" \t\tclass=\"so-widget-image\"\/>\n\t<\/div>\n\n<\/div><\/div><\/div><div id=\"panel-352-0-1-3\" class=\"so-panel widget widget_sow-image\" data-index=\"5\" ><div class=\"panel-widget-style panel-widget-style-for-352-0-1-3\" ><div\n\t\t\t\n\t\t\tclass=\"so-widget-sow-image so-widget-sow-image-default-a258e6bfa2d8-352\"\n\t\t\t\n\t\t>\n\n<div class=\"sow-image-container\">\n\t\t<img loading=\"lazy\" decoding=\"async\" src=\"https:\/\/escm-ccic.org\/wp-content\/uploads\/2016\/05\/CCIC.jpg\" width=\"2592\" height=\"1944\" srcset=\"https:\/\/escm-ccic.org\/wp-content\/uploads\/2016\/05\/CCIC.jpg 2592w, https:\/\/escm-ccic.org\/wp-content\/uploads\/2016\/05\/CCIC-300x225.jpg 300w, https:\/\/escm-ccic.org\/wp-content\/uploads\/2016\/05\/CCIC-768x576.jpg 768w, https:\/\/escm-ccic.org\/wp-content\/uploads\/2016\/05\/CCIC-1024x768.jpg 1024w, https:\/\/escm-ccic.org\/wp-content\/uploads\/2016\/05\/CCIC-480x360.jpg 480w, https:\/\/escm-ccic.org\/wp-content\/uploads\/2016\/05\/CCIC-830x623.jpg 830w, https:\/\/escm-ccic.org\/wp-content\/uploads\/2016\/05\/CCIC-230x173.jpg 230w, https:\/\/escm-ccic.org\/wp-content\/uploads\/2016\/05\/CCIC-350x263.jpg 350w\" sizes=\"(max-width: 2592px) 100vw, 2592px\" alt=\"\" \t\tclass=\"so-widget-image\"\/>\n\t<\/div>\n\n<\/div><\/div><\/div><div id=\"panel-352-0-1-4\" class=\"so-panel widget widget_sow-editor panel-last-child\" data-index=\"6\" ><div\n\t\t\t\n\t\t\tclass=\"so-widget-sow-editor so-widget-sow-editor-base\"\n\t\t\t\n\t\t>\n<div class=\"siteorigin-widget-tinymce textwidget\">\n\t<p style=\"text-align: center;\"><span style=\"color: #ff9900;\">Le Centre Culturel IASA Cyrille (CCIC) de Befandriana-Nord \u00e0 Madagascar<\/span><\/p>\n<\/div>\n<\/div><\/div><\/div><\/div><\/div><\/div>","protected":false},"excerpt":{"rendered":"<p>Le Centre Culturel IASA Cyrille, CCIC, est une association \u00e0 but non lucratif conforme \u00e0 l\u2019ordonnance 60-133 du 03\/10\/60 relative aux r\u00e9glementations g\u00e9n\u00e9rales des associations \u00e0 Madagascar. Il a \u00e9t\u00e9 cr\u00e9\u00e9 en 2004, \u00e0 Befandriana-Nord, une ville du Nord \u2013Ouest de Madagascar, dans la r\u00e9gion Sofia.Le CCIC a pour objectif d\u2019aider les \u00e9l\u00e8ves \u00e0 revenu [&hellip;]<\/p>\n","protected":false},"author":1,"featured_media":0,"parent":348,"menu_order":0,"comment_status":"closed","ping_status":"closed","template":"page-templates\/page_front-page.php","meta":{"ngg_post_thumbnail":0,"footnotes":""},"_links":{"self":[{"href":"https:\/\/escm-ccic.org\/index.php\/wp-json\/wp\/v2\/pages\/352"}],"collection":[{"href":"https:\/\/escm-ccic.org\/index.php\/wp-json\/wp\/v2\/pages"}],"about":[{"href":"https:\/\/escm-ccic.org\/index.php\/wp-json\/wp\/v2\/types\/page"}],"author":[{"embeddable":true,"href":"https:\/\/escm-ccic.org\/index.php\/wp-json\/wp\/v2\/users\/1"}],"replies":[{"embeddable":true,"href":"https:\/\/escm-ccic.org\/index.php\/wp-json\/wp\/v2\/comments?post=352"}],"version-history":[{"count":24,"href":"https:\/\/escm-ccic.org\/index.php\/wp-json\/wp\/v2\/pages\/352\/revisions"}],"predecessor-version":[{"id":1090,"href":"https:\/\/escm-ccic.org\/index.php\/wp-json\/wp\/v2\/pages\/352\/revisions\/1090"}],"up":[{"embeddable":true,"href":"https:\/\/escm-ccic.org\/index.php\/wp-json\/wp\/v2\/pages\/348"}],"wp:attachment":[{"href":"https:\/\/escm-ccic.org\/index.php\/wp-json\/wp\/v2\/media?parent=352"}],"curies":[{"name":"wp","href":"https:\/\/api.w.org\/{rel}","templated":true}]}}