{"id":311,"date":"2016-05-14T10:57:20","date_gmt":"2016-05-14T12:57:20","guid":{"rendered":"http:\/\/vps272717.ovh.net\/?page_id=311"},"modified":"2016-06-07T00:08:46","modified_gmt":"2016-06-06T22:08:46","slug":"escm-statut","status":"publish","type":"page","link":"https:\/\/escm-ccic.org\/index.php\/escm\/escm-statut\/","title":{"rendered":"STATUT"},"content":{"rendered":"<div id=\"pl-311\"  class=\"panel-layout\" ><div id=\"pg-311-0\"  class=\"panel-grid panel-has-style\" ><div style=\"padding: 100px 0; \" class=\"panel-row-style panel-row-style-for-311-0\" ><div id=\"pgc-311-0-0\"  class=\"panel-grid-cell\" ><div id=\"panel-311-0-0-0\" class=\"so-panel widget widget_sow-editor panel-first-child panel-last-child\" data-index=\"0\" ><div class=\"panel-widget-style panel-widget-style-for-311-0-0-0\" ><div\n\t\t\t\n\t\t\tclass=\"so-widget-sow-editor so-widget-sow-editor-base\"\n\t\t\t\n\t\t>\n<div class=\"siteorigin-widget-tinymce textwidget\">\n\t<p style=\"text-align: center;\"><strong>ENVOL SOCIAL ET CULTUREL POUR MADAGASCAR<\/strong><br \/><strong> (ESCM)<\/strong><br \/><strong> STATUTS<\/strong><\/p>\n<p style=\"text-align: justify;\"><em><strong>Article 1<\/strong><\/em><br \/><em><strong> D\u00e9nomination.<\/strong><\/em><br \/> Il est cr\u00e9\u00e9 \u00e0 compter du 22 F\u00e9vrier 2012, \u00e0 GIGNAC LA NERTHE, une Association d\u00e9nomm\u00e9e \u00abENVOL SOCIAL ET CULTUREL POUR MADAGASCAR\u00bb ou ESCM r\u00e9gie par la loi du 1er Juillet 1901.<\/p>\n<p><em><strong>Article 2<\/strong><\/em><br \/><em><strong> Si\u00e8ge social.<\/strong><\/em><br \/> Son si\u00e8ge social est fix\u00e9 au 3 rue des Alpes 13180 GIGNAC LA NERTHE. Il pourra \u00eatre transf\u00e9r\u00e9 en cas de besoin, par d\u00e9cision de l'Assembl\u00e9e G\u00e9n\u00e9rale ou du Conseil d'Administration.<\/p>\n<p><em><strong>Article 3<\/strong><\/em><br \/><em><strong> But.<\/strong><\/em><br \/> L'Association \u00abENVOL SOCIAL ET CULTUREL POUR MADAGASCAR\u00bb est une association culturelle d'\u0153uvres de bienfaisance, sans but lucratif. Elle a pour objectifs:<\/p>\n<p>3.1 - de soutenir le Centre Culturel IASA Cyrille (CCIC) implant\u00e9e \u00e0 Befandriana-Nord, Madagascar, dans la r\u00e9alisation de son projet, \u00e0 savoir:<\/p>\n<p>3.1.1. Promouvoir la langue fran\u00e7aise en tant que langue d'enseignement, de communication et de culture dans la R\u00e9gion Sofia \u00e0 Madagascar.<\/p>\n<p>3.1.2. Aider les \u00e9l\u00e8ves \u00e0 revenu modeste \u00e0 r\u00e9ussir dans leurs \u00e9tudes, \u00e0 s' ouvrir vers le monde ext\u00e9rieur et \u00e0 sortir du ghetto de la pauvret\u00e9 par l'apprentissage et la ma\u00eetrise de la langue fran\u00e7aise.<\/p>\n<p>3.1.3. Contribuer au d\u00e9veloppement \u00e9conomique et social de la R\u00e9gion Sofia en aidant les jeunes d\u00e9scolaris\u00e9s \u00e0 acqu\u00e9rir un m\u00e9tier et en renfor\u00e7ant les comp\u00e9tences des paysans.<\/p>\n<p>3.1.4. Lutter contre l'analphab\u00e9tisme et toutes formes d'ignorances susceptibles d'entraver le d\u00e9veloppement harmonieux de l'homme et de nuire \u00e0 sa dignit\u00e9.<\/p>\n<p>3.2 - d'\u00e9tendre le projet du Centre Culturel IASA Cyrille de Befandriana-Nord sur d'autres r\u00e9gions de Madagascar.<\/p>\n<p>3.3 - d'aider les milieux hospitaliers et les handicap\u00e9s physiques des campagnes malgaches par envoi de mat\u00e9riel m\u00e9dical.<\/p>\n<p><em><strong>Article 4<\/strong><\/em><br \/><em><strong> Mode d'action.<\/strong><\/em><br \/> Pour atteindre ses objectifs, l'Association<br \/> 4.1 - cherche des partenaires pour soutenir le projet du CCIC.<br \/> 4.2 - travaille en collaboration \u00e9troite avec les \u00e9tablissements scolaires fran\u00e7ais et malgaches.<\/p>\n<p>4.3 - aide \u00e0 la cr\u00e9ation des centres d'apprentissage du fran\u00e7ais et \u00e0 la mise .en place des Centres de formation permettant aux jeunes d'acqu\u00e9rir un m\u00e9tier, dans les campagnes \u00e0 Madagascar<\/p>\n<p>4.4 - pourvoit aux besoins mat\u00e9riels et p\u00e9dagogiques du Centre Culturel IASA Cyrille.<\/p>\n<p>4.5 - collabore avec les autorit\u00e9s locales malgaches et encourage le tourisme dans les campagnes malgaches.<br \/> 4.6 - \u0153uvre avec d'autres associations pour r\u00e9cup\u00e9rer du mat\u00e9riel m\u00e9dical.<\/p>\n<p><em><strong>Article 5<\/strong><\/em><br \/><em><strong> Ressources.<\/strong><\/em><br \/> Les ressources de l'Association comprennent :<br \/> 5.1 -les cotisations annuelles des membres.<br \/> 5.2 - toutes lib\u00e9ralit\u00e9s sous forme de dons, legs.<br \/> 5.3 - les subventions permises par les lois en vigueur (de la part de l'\u00e9tat, des collectivit\u00e9s locales, nationales, internationales ou de tout autre organisme public et\/ou priv\u00e9).<br \/> 5.4 -les activit\u00e9s et manifestations organis\u00e9es au nom et au profit de l'Association.<br \/> Les fonds seront utilis\u00e9s conform\u00e9ment au but social.<\/p>\n<p><em><strong>Article 6<\/strong><\/em><br \/><em><strong> Membres.<\/strong><\/em><br \/> L'Association est compos\u00e9e de :<br \/> - membres actifs<br \/> - membres bienfaiteurs<br \/> La qualit\u00e9 de membre se perd par d\u00e9c\u00e8s<br \/> par d\u00e9mission \u00e9crite annonc\u00e9e au moins 1 mois avant<br \/> par exclusion.<\/p>\n<p><em><strong>Article 7<\/strong><\/em><br \/><em><strong> Organe d'administration.<\/strong><\/em><br \/> L'Association est administr\u00e9e par<br \/> l'Assembl\u00e9e G\u00e9n\u00e9rale<br \/> le Conseil d'Administration<\/p>\n<p>7.1 - L'Assembl\u00e9e G\u00e9n\u00e9rale (AG) \u2022<\/p>\n<p>7.1.1 - Elle est compos\u00e9e de membres actifs et de membres bienfaiteurs. Chaque personne morale membre actif ou membre bienfaiteur est alors repr\u00e9sent\u00e9e par un d\u00e9l\u00e9gu\u00e9.<\/p>\n<p>7.1.2 - Elle se r\u00e9unit une fois par an en cession ordinaire. Elle peut en outre se r\u00e9unir en cession extraordinaire chaque fois que n\u00e9cessaire ou \u00e0 la demande de 1\/5\u00e8me des membres.<\/p>\n<p>7.1.3 - L'Assembl\u00e9e G\u00e9n\u00e9rale est valablement constitu\u00e9e quel que soit le nombre des membres pr\u00e9sents.<br \/> L'ordre du jour de l'AG est \u00e9tabli par le Conseil d'Administration.<br \/> Le pouvoir de d\u00e9cision appartient \u00e0 l'Assembl\u00e9e G\u00e9n\u00e9rale.<\/p>\n<p>7.1.4 - L'Assembl\u00e9e G\u00e9n\u00e9rale:<br \/> - se prononce sur l'admission ou l'exclusion des soci\u00e9taires.<br \/> - nomme les membres du Conseil d'Administration.<br \/> - prend connaissance des rapports et des comptes de l'exercice et se prononce sur eux.<br \/> 7.1.5 - Les d\u00e9cisions de l'AG sont prises \u00e0 la majorit\u00e9 simple des voix des membres pr\u00e9sents.<br \/> En cas d'\u00e9galit\u00e9 des voix, celle du Pr\u00e9sident compte double.<br \/> Les d\u00e9cisions relatives \u00e0 la modification des statuts et \u00e0 la dissolution de l'Association ne peuvent \u00eatre prises qu'\u00e0 la majorit\u00e9 de 2\/3 des membres pr\u00e9sents.<\/p>\n<p>7.2 - Le Conseil d'Administration (CA)<br \/> L'Association \u00abENVOL SOCIAL ET CULTUREL POUR MADAGASCAR\u00bb est repr\u00e9sent\u00e9e et dirig\u00e9e par un Conseil d'Administration ou Bureau compos\u00e9 de 6 membres au moins:<br \/> un pr\u00e9sident<br \/> un vice-pr\u00e9sident<br \/> un secr\u00e9taire<br \/> un secr\u00e9taire adjoint<br \/> un tr\u00e9sorier<br \/> un conseiller<br \/> Les membres du CA sont \u00e9lus par l'Assembl\u00e9e G\u00e9n\u00e9rale par vote \u00e0 bulletins secrets pour une dur\u00e9e de 3 ans. Ils-sont r\u00e9\u00e9ligibles et b\u00e9n\u00e9voles.<\/p>\n<p><em><strong>Article 8<\/strong><\/em><br \/> L'exercice social commence le 1er Janvier et se termine le 31 D\u00e9cembre de chaque ann\u00e9e.<br \/> Les comptes sont v\u00e9rifi\u00e9s chaque ann\u00e9e par le contr\u00f4leur nomm\u00e9 par l'Assembl\u00e9e G\u00e9n\u00e9rale.<\/p>\n<p><em><strong>Article 9<\/strong><\/em><br \/> En cas de dissolution de l'Association, l'actif social sera remis \u00e0 une institution d\u00e9ployant un but analogue \u00e0 celui de l'Association.<\/p>\n<p style=\"text-align: right;\">Fait \u00e0 Gignac la Nerthe, le 22 F\u00e9vrier 2012<\/p>\n<p style=\"text-align: right;\">Le Secr\u00e9taire \u00a0 \u00a0 \u00a0\u00a0\u00a0\u00a0\u00a0\u00a0\u00a0\u00a0\u00a0\u00a0\u00a0\u00a0\u00a0\u00a0\u00a0\u00a0\u00a0\u00a0\u00a0\u00a0\u00a0\u00a0\u00a0\u00a0\u00a0\u00a0\u00a0\u00a0\u00a0\u00a0\u00a0\u00a0\u00a0\u00a0 La Pr\u00e9sidente<br \/> <em>Danielle LESCS\u00a0\u00a0\u00a0\u00a0\u00a0\u00a0\u00a0\u00a0\u00a0\u00a0\u00a0\u00a0\u00a0\u00a0\u00a0\u00a0\u00a0\u00a0\u00a0\u00a0\u00a0\u00a0\u00a0\u00a0\u00a0\u00a0\u00a0\u00a0 Rosette FELISTE<\/em><\/p>\n<\/div>\n<\/div><\/div><\/div><\/div><div id=\"pgc-311-0-1\"  class=\"panel-grid-cell\" ><div id=\"panel-311-0-1-0\" class=\"so-panel widget widget_sow-image panel-first-child\" data-index=\"1\" ><div\n\t\t\t\n\t\t\tclass=\"so-widget-sow-image so-widget-sow-image-default-a258e6bfa2d8-311\"\n\t\t\t\n\t\t>\n\n<div class=\"sow-image-container\">\n\t\t<img loading=\"lazy\" decoding=\"async\" src=\"https:\/\/escm-ccic.org\/wp-content\/uploads\/2016\/05\/ESCM-LOGO.png\" width=\"1040\" height=\"924\" srcset=\"https:\/\/escm-ccic.org\/wp-content\/uploads\/2016\/05\/ESCM-LOGO.png 1040w, https:\/\/escm-ccic.org\/wp-content\/uploads\/2016\/05\/ESCM-LOGO-300x267.png 300w, https:\/\/escm-ccic.org\/wp-content\/uploads\/2016\/05\/ESCM-LOGO-768x682.png 768w, https:\/\/escm-ccic.org\/wp-content\/uploads\/2016\/05\/ESCM-LOGO-1024x910.png 1024w, https:\/\/escm-ccic.org\/wp-content\/uploads\/2016\/05\/ESCM-LOGO-480x426.png 480w, https:\/\/escm-ccic.org\/wp-content\/uploads\/2016\/05\/ESCM-LOGO-830x737.png 830w, https:\/\/escm-ccic.org\/wp-content\/uploads\/2016\/05\/ESCM-LOGO-230x204.png 230w, https:\/\/escm-ccic.org\/wp-content\/uploads\/2016\/05\/ESCM-LOGO-350x311.png 350w\" sizes=\"(max-width: 1040px) 100vw, 1040px\" alt=\"\" \t\tclass=\"so-widget-image\"\/>\n\t<\/div>\n\n<\/div><\/div><div id=\"panel-311-0-1-1\" class=\"so-panel widget widget_sow-image\" data-index=\"2\" ><div\n\t\t\t\n\t\t\tclass=\"so-widget-sow-image so-widget-sow-image-default-a258e6bfa2d8-311\"\n\t\t\t\n\t\t>\n\n<div class=\"sow-image-container\">\n\t\t<img loading=\"lazy\" decoding=\"async\" src=\"https:\/\/escm-ccic.org\/wp-content\/uploads\/2016\/06\/SIEGE_ESCM.jpg\" width=\"4608\" height=\"3456\" srcset=\"https:\/\/escm-ccic.org\/wp-content\/uploads\/2016\/06\/SIEGE_ESCM.jpg 4608w, https:\/\/escm-ccic.org\/wp-content\/uploads\/2016\/06\/SIEGE_ESCM-300x225.jpg 300w, https:\/\/escm-ccic.org\/wp-content\/uploads\/2016\/06\/SIEGE_ESCM-768x576.jpg 768w, https:\/\/escm-ccic.org\/wp-content\/uploads\/2016\/06\/SIEGE_ESCM-1024x768.jpg 1024w, https:\/\/escm-ccic.org\/wp-content\/uploads\/2016\/06\/SIEGE_ESCM-480x360.jpg 480w, https:\/\/escm-ccic.org\/wp-content\/uploads\/2016\/06\/SIEGE_ESCM-830x623.jpg 830w, https:\/\/escm-ccic.org\/wp-content\/uploads\/2016\/06\/SIEGE_ESCM-230x173.jpg 230w, https:\/\/escm-ccic.org\/wp-content\/uploads\/2016\/06\/SIEGE_ESCM-350x263.jpg 350w\" sizes=\"(max-width: 4608px) 100vw, 4608px\" alt=\"\" \t\tclass=\"so-widget-image\"\/>\n\t<\/div>\n\n<\/div><\/div><div id=\"panel-311-0-1-2\" class=\"so-panel widget widget_sow-editor\" data-index=\"3\" ><div\n\t\t\t\n\t\t\tclass=\"so-widget-sow-editor so-widget-sow-editor-base\"\n\t\t\t\n\t\t>\n<div class=\"siteorigin-widget-tinymce textwidget\">\n\t<p style=\"text-align: center;\"><span style=\"color: #ff6600;\">3 rue des Alpes, GIGNAC-LA-NERTHE\u00a0: Si\u00e8ge social<\/span><\/p>\n<\/div>\n<\/div><\/div><div id=\"panel-311-0-1-3\" class=\"so-panel widget widget_sow-image\" data-index=\"4\" ><div\n\t\t\t\n\t\t\tclass=\"so-widget-sow-image so-widget-sow-image-default-a258e6bfa2d8-311\"\n\t\t\t\n\t\t>\n\n<div class=\"sow-image-container\">\n\t\t<img loading=\"lazy\" decoding=\"async\" src=\"https:\/\/escm-ccic.org\/wp-content\/uploads\/2016\/06\/ESCM-AU-TRAVAIL1.jpg\" width=\"2592\" height=\"1944\" srcset=\"https:\/\/escm-ccic.org\/wp-content\/uploads\/2016\/06\/ESCM-AU-TRAVAIL1.jpg 2592w, https:\/\/escm-ccic.org\/wp-content\/uploads\/2016\/06\/ESCM-AU-TRAVAIL1-300x225.jpg 300w, https:\/\/escm-ccic.org\/wp-content\/uploads\/2016\/06\/ESCM-AU-TRAVAIL1-768x576.jpg 768w, https:\/\/escm-ccic.org\/wp-content\/uploads\/2016\/06\/ESCM-AU-TRAVAIL1-1024x768.jpg 1024w, https:\/\/escm-ccic.org\/wp-content\/uploads\/2016\/06\/ESCM-AU-TRAVAIL1-480x360.jpg 480w, https:\/\/escm-ccic.org\/wp-content\/uploads\/2016\/06\/ESCM-AU-TRAVAIL1-830x623.jpg 830w, https:\/\/escm-ccic.org\/wp-content\/uploads\/2016\/06\/ESCM-AU-TRAVAIL1-230x173.jpg 230w, https:\/\/escm-ccic.org\/wp-content\/uploads\/2016\/06\/ESCM-AU-TRAVAIL1-350x263.jpg 350w\" sizes=\"(max-width: 2592px) 100vw, 2592px\" alt=\"\" \t\tclass=\"so-widget-image\"\/>\n\t<\/div>\n\n<\/div><\/div><div id=\"panel-311-0-1-4\" class=\"so-panel widget widget_sow-image\" data-index=\"5\" ><div\n\t\t\t\n\t\t\tclass=\"so-widget-sow-image so-widget-sow-image-default-a258e6bfa2d8-311\"\n\t\t\t\n\t\t>\n\n<div class=\"sow-image-container\">\n\t\t<img loading=\"lazy\" decoding=\"async\" src=\"https:\/\/escm-ccic.org\/wp-content\/uploads\/2016\/06\/ESCM-AU-TRAVAIL2.jpg\" width=\"2592\" height=\"1944\" srcset=\"https:\/\/escm-ccic.org\/wp-content\/uploads\/2016\/06\/ESCM-AU-TRAVAIL2.jpg 2592w, https:\/\/escm-ccic.org\/wp-content\/uploads\/2016\/06\/ESCM-AU-TRAVAIL2-300x225.jpg 300w, https:\/\/escm-ccic.org\/wp-content\/uploads\/2016\/06\/ESCM-AU-TRAVAIL2-768x576.jpg 768w, https:\/\/escm-ccic.org\/wp-content\/uploads\/2016\/06\/ESCM-AU-TRAVAIL2-1024x768.jpg 1024w, https:\/\/escm-ccic.org\/wp-content\/uploads\/2016\/06\/ESCM-AU-TRAVAIL2-480x360.jpg 480w, https:\/\/escm-ccic.org\/wp-content\/uploads\/2016\/06\/ESCM-AU-TRAVAIL2-830x623.jpg 830w, https:\/\/escm-ccic.org\/wp-content\/uploads\/2016\/06\/ESCM-AU-TRAVAIL2-230x173.jpg 230w, https:\/\/escm-ccic.org\/wp-content\/uploads\/2016\/06\/ESCM-AU-TRAVAIL2-350x263.jpg 350w\" sizes=\"(max-width: 2592px) 100vw, 2592px\" alt=\"\" \t\tclass=\"so-widget-image\"\/>\n\t<\/div>\n\n<\/div><\/div><div id=\"panel-311-0-1-5\" class=\"so-panel widget widget_sow-editor\" data-index=\"6\" ><div\n\t\t\t\n\t\t\tclass=\"so-widget-sow-editor so-widget-sow-editor-base\"\n\t\t\t\n\t\t>\n<div class=\"siteorigin-widget-tinymce textwidget\">\n\t<p style=\"text-align: center;\"><span style=\"color: #ff6600;\">L\u2019ESCM au travail<br \/><\/span><\/p>\n<\/div>\n<\/div><\/div><div id=\"panel-311-0-1-6\" class=\"so-panel widget widget_siteorigin-panels-builder panel-last-child\" data-index=\"7\" ><div id=\"pl-w5755f1f5875b6\"  class=\"panel-layout\" ><div id=\"pg-w5755f1f5875b6-0\"  class=\"panel-grid panel-has-style\" ><div style=\"padding: 100px 0; \" class=\"panel-row-style panel-row-style-for-w5755f1f5875b6-0\" ><div id=\"pgc-w5755f1f5875b6-0-0\"  class=\"panel-grid-cell\" ><div id=\"panel-w5755f1f5875b6-0-0-0\" class=\"so-panel widget widget_sow-button panel-first-child panel-last-child\" data-index=\"0\" ><div\n\t\t\t\n\t\t\tclass=\"so-widget-sow-button so-widget-sow-button-atom-d5cfb410658b\"\n\t\t\t\n\t\t><div class=\"ow-button-base ow-button-align-center\">\n\t<a\n\thref=\"http:\/\/vps272717.ovh.net\/\/wp-content\/uploads\/DOCS\/ESCM_STATUTS0001.pdf\"\n\t\tclass=\"ow-icon-placement-left ow-button-hover\" target=\"_blank\" rel=\"noopener noreferrer\" \t>\n\t\t<span>\n\t\t\t\n\t\t\tT\u00e9l\u00e9charger le format PDF du STATUT de l'ESCM (pdf)\t\t<\/span>\n\t<\/a>\n<\/div>\n<\/div><\/div><\/div><\/div><\/div><\/div><\/div><\/div><\/div><\/div><\/div>","protected":false},"excerpt":{"rendered":"<p>ENVOL SOCIAL ET CULTUREL POUR MADAGASCAR (ESCM) STATUTSArticle 1 D\u00e9nomination. Il est cr\u00e9\u00e9 \u00e0 compter du 22 F\u00e9vrier 2012, \u00e0 GIGNAC LA NERTHE, une Association d\u00e9nomm\u00e9e \u00abENVOL SOCIAL ET CULTUREL POUR MADAGASCAR\u00bb ou ESCM r\u00e9gie par la loi du 1er Juillet 1901.Article 2 Si\u00e8ge social. Son si\u00e8ge social est fix\u00e9 au 3 rue des Alpes [&hellip;]<\/p>\n","protected":false},"author":1,"featured_media":0,"parent":263,"menu_order":0,"comment_status":"closed","ping_status":"closed","template":"page-templates\/page_front-page.php","meta":{"ngg_post_thumbnail":0,"footnotes":""},"_links":{"self":[{"href":"https:\/\/escm-ccic.org\/index.php\/wp-json\/wp\/v2\/pages\/311"}],"collection":[{"href":"https:\/\/escm-ccic.org\/index.php\/wp-json\/wp\/v2\/pages"}],"about":[{"href":"https:\/\/escm-ccic.org\/index.php\/wp-json\/wp\/v2\/types\/page"}],"author":[{"embeddable":true,"href":"https:\/\/escm-ccic.org\/index.php\/wp-json\/wp\/v2\/users\/1"}],"replies":[{"embeddable":true,"href":"https:\/\/escm-ccic.org\/index.php\/wp-json\/wp\/v2\/comments?post=311"}],"version-history":[{"count":60,"href":"https:\/\/escm-ccic.org\/index.php\/wp-json\/wp\/v2\/pages\/311\/revisions"}],"predecessor-version":[{"id":938,"href":"https:\/\/escm-ccic.org\/index.php\/wp-json\/wp\/v2\/pages\/311\/revisions\/938"}],"up":[{"embeddable":true,"href":"https:\/\/escm-ccic.org\/index.php\/wp-json\/wp\/v2\/pages\/263"}],"wp:attachment":[{"href":"https:\/\/escm-ccic.org\/index.php\/wp-json\/wp\/v2\/media?parent=311"}],"curies":[{"name":"wp","href":"https:\/\/api.w.org\/{rel}","templated":true}]}}