{"id":1541,"date":"2026-02-25T20:30:27","date_gmt":"2026-02-25T18:30:27","guid":{"rendered":"https:\/\/escm-ccic.org\/?page_id=1541"},"modified":"2026-02-25T20:32:47","modified_gmt":"2026-02-25T18:32:47","slug":"escm-activites-2","status":"publish","type":"page","link":"https:\/\/escm-ccic.org\/index.php\/escm\/escm-activites-2\/","title":{"rendered":"2012-2020"},"content":{"rendered":"<div id=\"pl-1541\"  class=\"panel-layout\" ><div id=\"pg-1541-0\"  class=\"panel-grid panel-has-style\" ><div style=\"padding: 100px 0; \" class=\"panel-row-style panel-row-style-for-1541-0\" ><div id=\"pgc-1541-0-0\"  class=\"panel-grid-cell\" ><div id=\"panel-1541-0-0-0\" class=\"so-panel widget widget_sow-editor panel-first-child\" data-index=\"0\" ><div class=\"panel-widget-style panel-widget-style-for-1541-0-0-0\" ><div\n\t\t\t\n\t\t\tclass=\"so-widget-sow-editor so-widget-sow-editor-base\"\n\t\t\t\n\t\t><h3 class=\"widget-title\">Activit\u00e9s de l'ESCM<\/h3>\n<div class=\"siteorigin-widget-tinymce textwidget\">\n\t<p>\u00a0<\/p>\n<p><strong>1-Procurer<\/strong> au CCIC les mat\u00e9riels dont il a besoin pour son fonctionnement (livres, mat\u00e9riel informatique ... etc) soit par collecte, soit par achat<\/p>\n<p><strong>2-\u009fCollecter<\/strong> des fournitures pour les kermesses organis\u00e9es par le Centre, ses principales ressources (v\u00eatements, linge de maison, sacs, chaussures, jouets ... etc.).<\/p>\n<p style=\"text-align: justify;\">En effet, si les \u00e9l\u00e8ves qui fr\u00e9quentent le Centre ne paient qu'une somme modique de 1500 Ariary par mois pour leur scolarit\u00e9 (soit moins de 50 centimes d'euros par mois) - la scolarit\u00e9 est enti\u00e8rement gratuite pour les \u00e9l\u00e8ves les plus d\u00e9munis - , le Centre par contre doit payer ses enseignants, sa biblioth\u00e9caire et son gardien. En plus, il a le b\u00e2timent \u00e0 entretenir.<\/p>\n<p><strong>\u009f3-Chercher<\/strong> des partenaires pour le CCIC.<\/p>\n<p><strong>4-\u009fEntretenir<\/strong> les liens entre le Centre Culturel et ses partenaires.<\/p>\n<p><strong>5-Parrainer <\/strong>des anciens \u00e9l\u00e8ves du Centre \u00e0 fort potentiel intellectuel et bien motiv\u00e9s mais qui n'ont pas de ressources pour poursuivre les \u00e9tudes sup\u00e9rieures apr\u00e8s le baccalaur\u00e9at.<\/p>\n<p><strong>\u009f6-Financer<\/strong> les formations des enseignants et des biblioth\u00e9caires du CCIC aupr\u00e8s de l'Alliance Fran\u00e7aise d'Antananartivo, Madagascar.<\/p>\n<p><strong>7-Redynamiser<\/strong> les activit\u00e9s du CCIC :<\/p>\n<p style=\"text-align: justify;\">Tous les deux ans, deux membres de l\u2019ESCM se rendent \u00e0 Madagascar pour le suivi p\u00e9dagogique au sein du CCIC, pour \u00e9tablir de nouveaux contacts. Ainsi :<\/p>\n<p style=\"text-align: justify;\">- en 2012, un partenariat a \u00e9t\u00e9 \u00e9tabli entre CCIC d'une part et d'autre part la CISCO (Circonscription Scolaire) de Befandriana-Nord et la DREN (Direction R\u00e9gionale de l'Education Nationale) d'Antsohihy qui ont d\u00e9tach\u00e9 un enseignant pour seconder la biblioth\u00e9caire du Centre.<\/p>\n<p style=\"text-align: justify;\">- en 2014, une collaboration a \u00e9t\u00e9 conclue avec l'association FFTS (Fikambanan'ny Tanora Tonga Saina) de Befanbdraiana-Nord pour d\u00e9velopper les activit\u00e9s comme l\u2019apiculture et la p\u00e9pini\u00e8re au CCIC.<\/p>\n<p style=\"text-align: justify;\">- en 2013 et 2015, des enseignants du Centre et une biblioth\u00e9caire ont pu recevoir des formations au sein de l'Alliance Fran\u00e7aise d'Antananarivo.<\/p>\n<\/div>\n<\/div><\/div><\/div><div id=\"panel-1541-0-0-1\" class=\"so-panel widget widget_sow-image\" data-index=\"1\" ><div class=\"panel-widget-style panel-widget-style-for-1541-0-0-1\" ><div\n\t\t\t\n\t\t\tclass=\"so-widget-sow-image so-widget-sow-image-default-a258e6bfa2d8-1541\"\n\t\t\t\n\t\t>\n\n<div class=\"sow-image-container\">\n\t\t<img loading=\"lazy\" decoding=\"async\" src=\"https:\/\/escm-ccic.org\/wp-content\/uploads\/2016\/06\/PARTENARIAT-DREN2.jpg\" width=\"2592\" height=\"1944\" srcset=\"https:\/\/escm-ccic.org\/wp-content\/uploads\/2016\/06\/PARTENARIAT-DREN2.jpg 2592w, https:\/\/escm-ccic.org\/wp-content\/uploads\/2016\/06\/PARTENARIAT-DREN2-300x225.jpg 300w, https:\/\/escm-ccic.org\/wp-content\/uploads\/2016\/06\/PARTENARIAT-DREN2-768x576.jpg 768w, https:\/\/escm-ccic.org\/wp-content\/uploads\/2016\/06\/PARTENARIAT-DREN2-1024x768.jpg 1024w, https:\/\/escm-ccic.org\/wp-content\/uploads\/2016\/06\/PARTENARIAT-DREN2-480x360.jpg 480w, https:\/\/escm-ccic.org\/wp-content\/uploads\/2016\/06\/PARTENARIAT-DREN2-830x623.jpg 830w, https:\/\/escm-ccic.org\/wp-content\/uploads\/2016\/06\/PARTENARIAT-DREN2-230x173.jpg 230w, https:\/\/escm-ccic.org\/wp-content\/uploads\/2016\/06\/PARTENARIAT-DREN2-350x263.jpg 350w\" sizes=\"(max-width: 2592px) 100vw, 2592px\" alt=\"\" \t\tclass=\"so-widget-image\"\/>\n\t<\/div>\n\n<\/div><\/div><\/div><div id=\"panel-1541-0-0-2\" class=\"so-panel widget widget_sow-image\" data-index=\"2\" ><div class=\"panel-widget-style panel-widget-style-for-1541-0-0-2\" ><div\n\t\t\t\n\t\t\tclass=\"so-widget-sow-image so-widget-sow-image-default-a258e6bfa2d8-1541\"\n\t\t\t\n\t\t>\n\n<div class=\"sow-image-container\">\n\t\t<img loading=\"lazy\" decoding=\"async\" src=\"https:\/\/escm-ccic.org\/wp-content\/uploads\/2016\/06\/PARTENARIAT-DREN1.jpg\" width=\"2592\" height=\"1944\" srcset=\"https:\/\/escm-ccic.org\/wp-content\/uploads\/2016\/06\/PARTENARIAT-DREN1.jpg 2592w, https:\/\/escm-ccic.org\/wp-content\/uploads\/2016\/06\/PARTENARIAT-DREN1-300x225.jpg 300w, https:\/\/escm-ccic.org\/wp-content\/uploads\/2016\/06\/PARTENARIAT-DREN1-768x576.jpg 768w, https:\/\/escm-ccic.org\/wp-content\/uploads\/2016\/06\/PARTENARIAT-DREN1-1024x768.jpg 1024w, https:\/\/escm-ccic.org\/wp-content\/uploads\/2016\/06\/PARTENARIAT-DREN1-480x360.jpg 480w, https:\/\/escm-ccic.org\/wp-content\/uploads\/2016\/06\/PARTENARIAT-DREN1-830x623.jpg 830w, https:\/\/escm-ccic.org\/wp-content\/uploads\/2016\/06\/PARTENARIAT-DREN1-230x173.jpg 230w, https:\/\/escm-ccic.org\/wp-content\/uploads\/2016\/06\/PARTENARIAT-DREN1-350x263.jpg 350w\" sizes=\"(max-width: 2592px) 100vw, 2592px\" alt=\"\" \t\tclass=\"so-widget-image\"\/>\n\t<\/div>\n\n<\/div><\/div><\/div><div id=\"panel-1541-0-0-3\" class=\"so-panel widget widget_sow-editor panel-last-child\" data-index=\"3\" ><div\n\t\t\t\n\t\t\tclass=\"so-widget-sow-editor so-widget-sow-editor-base\"\n\t\t\t\n\t\t>\n<div class=\"siteorigin-widget-tinymce textwidget\">\n\t<p style=\"text-align: center;\"><span style=\"color: #ff6600;\">Partenariat avec la DREN d\u2019Antsohihy -Madagascar<\/span><\/p>\n<\/div>\n<\/div><\/div><\/div><div id=\"pgc-1541-0-1\"  class=\"panel-grid-cell\" ><div id=\"panel-1541-0-1-0\" class=\"so-panel widget widget_sow-image panel-first-child\" data-index=\"4\" ><div class=\"panel-widget-style panel-widget-style-for-1541-0-1-0\" ><div\n\t\t\t\n\t\t\tclass=\"so-widget-sow-image so-widget-sow-image-default-a258e6bfa2d8-1541\"\n\t\t\t\n\t\t>\n\n<div class=\"sow-image-container\">\n\t\t<img loading=\"lazy\" decoding=\"async\" src=\"https:\/\/escm-ccic.org\/wp-content\/uploads\/2016\/05\/ESCM-COLIS-CCIC.jpg\" width=\"2592\" height=\"1944\" srcset=\"https:\/\/escm-ccic.org\/wp-content\/uploads\/2016\/05\/ESCM-COLIS-CCIC.jpg 2592w, https:\/\/escm-ccic.org\/wp-content\/uploads\/2016\/05\/ESCM-COLIS-CCIC-300x225.jpg 300w, https:\/\/escm-ccic.org\/wp-content\/uploads\/2016\/05\/ESCM-COLIS-CCIC-768x576.jpg 768w, https:\/\/escm-ccic.org\/wp-content\/uploads\/2016\/05\/ESCM-COLIS-CCIC-1024x768.jpg 1024w, https:\/\/escm-ccic.org\/wp-content\/uploads\/2016\/05\/ESCM-COLIS-CCIC-480x360.jpg 480w, https:\/\/escm-ccic.org\/wp-content\/uploads\/2016\/05\/ESCM-COLIS-CCIC-830x623.jpg 830w, https:\/\/escm-ccic.org\/wp-content\/uploads\/2016\/05\/ESCM-COLIS-CCIC-230x173.jpg 230w, https:\/\/escm-ccic.org\/wp-content\/uploads\/2016\/05\/ESCM-COLIS-CCIC-350x263.jpg 350w\" sizes=\"(max-width: 2592px) 100vw, 2592px\" title=\"ESCM-COLIS CCIC\" alt=\"\" \t\tclass=\"so-widget-image\"\/>\n\t<\/div>\n\n<\/div><\/div><\/div><div id=\"panel-1541-0-1-1\" class=\"so-panel widget widget_sow-image\" data-index=\"5\" ><div class=\"panel-widget-style panel-widget-style-for-1541-0-1-1\" ><div\n\t\t\t\n\t\t\tclass=\"so-widget-sow-image so-widget-sow-image-default-a258e6bfa2d8-1541\"\n\t\t\t\n\t\t>\n\n<div class=\"sow-image-container\">\n\t\t<img loading=\"lazy\" decoding=\"async\" src=\"https:\/\/escm-ccic.org\/wp-content\/uploads\/2016\/05\/ESCM-ENVOI-COLIS-1.jpg\" width=\"4608\" height=\"3456\" srcset=\"https:\/\/escm-ccic.org\/wp-content\/uploads\/2016\/05\/ESCM-ENVOI-COLIS-1.jpg 4608w, https:\/\/escm-ccic.org\/wp-content\/uploads\/2016\/05\/ESCM-ENVOI-COLIS-1-300x225.jpg 300w, https:\/\/escm-ccic.org\/wp-content\/uploads\/2016\/05\/ESCM-ENVOI-COLIS-1-768x576.jpg 768w, https:\/\/escm-ccic.org\/wp-content\/uploads\/2016\/05\/ESCM-ENVOI-COLIS-1-1024x768.jpg 1024w, https:\/\/escm-ccic.org\/wp-content\/uploads\/2016\/05\/ESCM-ENVOI-COLIS-1-480x360.jpg 480w, https:\/\/escm-ccic.org\/wp-content\/uploads\/2016\/05\/ESCM-ENVOI-COLIS-1-830x623.jpg 830w, https:\/\/escm-ccic.org\/wp-content\/uploads\/2016\/05\/ESCM-ENVOI-COLIS-1-230x173.jpg 230w, https:\/\/escm-ccic.org\/wp-content\/uploads\/2016\/05\/ESCM-ENVOI-COLIS-1-350x263.jpg 350w\" sizes=\"(max-width: 4608px) 100vw, 4608px\" title=\"ESCM-ENVOI COLIS 1\" alt=\"\" \t\tclass=\"so-widget-image\"\/>\n\t<\/div>\n\n<\/div><\/div><\/div><div id=\"panel-1541-0-1-2\" class=\"so-panel widget widget_sow-image\" data-index=\"6\" ><div class=\"panel-widget-style panel-widget-style-for-1541-0-1-2\" ><div\n\t\t\t\n\t\t\tclass=\"so-widget-sow-image so-widget-sow-image-default-a258e6bfa2d8-1541\"\n\t\t\t\n\t\t>\n\n<div class=\"sow-image-container\">\n\t\t<img loading=\"lazy\" decoding=\"async\" src=\"https:\/\/escm-ccic.org\/wp-content\/uploads\/2016\/05\/ESCM-ENVOI-COLIS-3.jpg\" width=\"4608\" height=\"3456\" srcset=\"https:\/\/escm-ccic.org\/wp-content\/uploads\/2016\/05\/ESCM-ENVOI-COLIS-3.jpg 4608w, https:\/\/escm-ccic.org\/wp-content\/uploads\/2016\/05\/ESCM-ENVOI-COLIS-3-300x225.jpg 300w, https:\/\/escm-ccic.org\/wp-content\/uploads\/2016\/05\/ESCM-ENVOI-COLIS-3-768x576.jpg 768w, https:\/\/escm-ccic.org\/wp-content\/uploads\/2016\/05\/ESCM-ENVOI-COLIS-3-1024x768.jpg 1024w, https:\/\/escm-ccic.org\/wp-content\/uploads\/2016\/05\/ESCM-ENVOI-COLIS-3-480x360.jpg 480w, https:\/\/escm-ccic.org\/wp-content\/uploads\/2016\/05\/ESCM-ENVOI-COLIS-3-830x623.jpg 830w, https:\/\/escm-ccic.org\/wp-content\/uploads\/2016\/05\/ESCM-ENVOI-COLIS-3-230x173.jpg 230w, https:\/\/escm-ccic.org\/wp-content\/uploads\/2016\/05\/ESCM-ENVOI-COLIS-3-350x263.jpg 350w\" sizes=\"(max-width: 4608px) 100vw, 4608px\" title=\"ESCM-ENVOI COLIS 3\" alt=\"\" \t\tclass=\"so-widget-image\"\/>\n\t<\/div>\n\n<\/div><\/div><\/div><div id=\"panel-1541-0-1-3\" class=\"so-panel widget widget_sow-editor\" data-index=\"7\" ><div\n\t\t\t\n\t\t\tclass=\"so-widget-sow-editor so-widget-sow-editor-base\"\n\t\t\t\n\t\t>\n<div class=\"siteorigin-widget-tinymce textwidget\">\n\t<p style=\"text-align: center;\"><span style=\"color: #ff6600;\">Envois des colis de mat\u00e9riel scolaire et de kermesses pour le CCIC<\/span><\/p>\n<\/div>\n<\/div><\/div><div id=\"panel-1541-0-1-4\" class=\"so-panel widget widget_sow-image\" data-index=\"8\" ><div class=\"panel-widget-style panel-widget-style-for-1541-0-1-4\" ><div\n\t\t\t\n\t\t\tclass=\"so-widget-sow-image so-widget-sow-image-default-a258e6bfa2d8-1541\"\n\t\t\t\n\t\t>\n\n<div class=\"sow-image-container\">\n\t\t<img loading=\"lazy\" decoding=\"async\" src=\"https:\/\/escm-ccic.org\/wp-content\/uploads\/2016\/05\/5_LES-ADO-PREPARATION-DELF-2-1.jpg\" width=\"2592\" height=\"1944\" srcset=\"https:\/\/escm-ccic.org\/wp-content\/uploads\/2016\/05\/5_LES-ADO-PREPARATION-DELF-2-1.jpg 2592w, https:\/\/escm-ccic.org\/wp-content\/uploads\/2016\/05\/5_LES-ADO-PREPARATION-DELF-2-1-300x225.jpg 300w, https:\/\/escm-ccic.org\/wp-content\/uploads\/2016\/05\/5_LES-ADO-PREPARATION-DELF-2-1-768x576.jpg 768w, https:\/\/escm-ccic.org\/wp-content\/uploads\/2016\/05\/5_LES-ADO-PREPARATION-DELF-2-1-1024x768.jpg 1024w, https:\/\/escm-ccic.org\/wp-content\/uploads\/2016\/05\/5_LES-ADO-PREPARATION-DELF-2-1-480x360.jpg 480w, https:\/\/escm-ccic.org\/wp-content\/uploads\/2016\/05\/5_LES-ADO-PREPARATION-DELF-2-1-830x623.jpg 830w, https:\/\/escm-ccic.org\/wp-content\/uploads\/2016\/05\/5_LES-ADO-PREPARATION-DELF-2-1-230x173.jpg 230w, https:\/\/escm-ccic.org\/wp-content\/uploads\/2016\/05\/5_LES-ADO-PREPARATION-DELF-2-1-350x263.jpg 350w\" sizes=\"(max-width: 2592px) 100vw, 2592px\" title=\"5_LES ADO-PREPARATION DELF 2\" alt=\"\" \t\tclass=\"so-widget-image\"\/>\n\t<\/div>\n\n<\/div><\/div><\/div><div id=\"panel-1541-0-1-5\" class=\"so-panel widget widget_sow-editor\" data-index=\"9\" ><div\n\t\t\t\n\t\t\tclass=\"so-widget-sow-editor so-widget-sow-editor-base\"\n\t\t\t\n\t\t>\n<div class=\"siteorigin-widget-tinymce textwidget\">\n\t<p style=\"text-align: center;\"><span style=\"color: #ff6600;\">L\u2019ESCM au CCIC\u00a0: Pr\u00e9paration du DELF<\/span><\/p>\n<\/div>\n<\/div><\/div><div id=\"panel-1541-0-1-6\" class=\"so-panel widget widget_sow-image\" data-index=\"10\" ><div\n\t\t\t\n\t\t\tclass=\"so-widget-sow-image so-widget-sow-image-default-a258e6bfa2d8-1541\"\n\t\t\t\n\t\t>\n\n<div class=\"sow-image-container\">\n\t\t<img loading=\"lazy\" decoding=\"async\" src=\"https:\/\/escm-ccic.org\/wp-content\/uploads\/2016\/05\/logo_body.gif\" width=\"631\" height=\"345\" sizes=\"(max-width: 631px) 100vw, 631px\" alt=\"\" \t\tclass=\"so-widget-image\"\/>\n\t<\/div>\n\n<\/div><\/div><div id=\"panel-1541-0-1-7\" class=\"so-panel widget widget_sow-editor panel-last-child\" data-index=\"11\" ><div\n\t\t\t\n\t\t\tclass=\"so-widget-sow-editor so-widget-sow-editor-base\"\n\t\t\t\n\t\t>\n<div class=\"siteorigin-widget-tinymce textwidget\">\n\t<p style=\"text-align: center;\"><span style=\"color: #ff6600;\">Partenariat avec des associations en France<\/span><\/p>\n<\/div>\n<\/div><\/div><\/div><\/div><\/div><\/div>","protected":false},"excerpt":{"rendered":"<p>\u00a01-Procurer au CCIC les mat\u00e9riels dont il a besoin pour son fonctionnement (livres, mat\u00e9riel informatique &#8230; etc) soit par collecte, soit par achat2-\u009fCollecter des fournitures pour les kermesses organis\u00e9es par le Centre, ses principales ressources (v\u00eatements, linge de maison, sacs, chaussures, jouets &#8230; etc.).En effet, si les \u00e9l\u00e8ves qui fr\u00e9quentent le Centre ne paient qu&rsquo;une [&hellip;]<\/p>\n","protected":false},"author":1,"featured_media":0,"parent":263,"menu_order":0,"comment_status":"closed","ping_status":"closed","template":"page-templates\/page_front-page.php","meta":{"ngg_post_thumbnail":0,"footnotes":""},"_links":{"self":[{"href":"https:\/\/escm-ccic.org\/index.php\/wp-json\/wp\/v2\/pages\/1541"}],"collection":[{"href":"https:\/\/escm-ccic.org\/index.php\/wp-json\/wp\/v2\/pages"}],"about":[{"href":"https:\/\/escm-ccic.org\/index.php\/wp-json\/wp\/v2\/types\/page"}],"author":[{"embeddable":true,"href":"https:\/\/escm-ccic.org\/index.php\/wp-json\/wp\/v2\/users\/1"}],"replies":[{"embeddable":true,"href":"https:\/\/escm-ccic.org\/index.php\/wp-json\/wp\/v2\/comments?post=1541"}],"version-history":[{"count":2,"href":"https:\/\/escm-ccic.org\/index.php\/wp-json\/wp\/v2\/pages\/1541\/revisions"}],"predecessor-version":[{"id":1544,"href":"https:\/\/escm-ccic.org\/index.php\/wp-json\/wp\/v2\/pages\/1541\/revisions\/1544"}],"up":[{"embeddable":true,"href":"https:\/\/escm-ccic.org\/index.php\/wp-json\/wp\/v2\/pages\/263"}],"wp:attachment":[{"href":"https:\/\/escm-ccic.org\/index.php\/wp-json\/wp\/v2\/media?parent=1541"}],"curies":[{"name":"wp","href":"https:\/\/api.w.org\/{rel}","templated":true}]}}