{"id":1510,"date":"2024-12-02T21:24:48","date_gmt":"2024-12-02T19:24:48","guid":{"rendered":"https:\/\/escm-ccic.org\/?page_id=1510"},"modified":"2024-12-02T22:01:17","modified_gmt":"2024-12-02T20:01:17","slug":"action2019-2-2-2-2-3","status":"publish","type":"page","link":"https:\/\/escm-ccic.org\/index.php\/escm\/escm-activites\/action2019-2-2-2-2-3\/","title":{"rendered":"CCIC A 20 ANS (2004-2024) -TEMOIGNAGES"},"content":{"rendered":"<div class=\"pbs-main-wrapper\"><p style=\"text-align: center;\"><span style=\"color: #ff6600;\">Vous pouvez t\u00e9l<\/span><span style=\"color: #ff6600;\">\u00e9charger le t\u00e9moignage de B\u00e9n\u00e9dicte <\/span><a href=\"http:\/\/escm-ccic.org\/wp-content\/uploads\/2018\/01\/LE_DELF_AU_CCIC-.pdf\" xlink=\"href\">&nbsp;<\/a><span style=\"text-decoration: underline;\"><span style=\"color: #ff6600; text-decoration: underline;\"><a target=\"_blank\" href=\"http:\/\/escm-ccic.org\/wp-content\/uploads\/DOCS\/20ANS\/BENEDICTE_TEMOIGNAGE.pdf\" xlink=\"href\" rel=\"noopener\">en cliquant ici<\/a>.<\/span><\/span><\/p>\n<p style=\"text-align: center;\"><a href=\"https:\/\/escm-ccic.org\/wp-content\/uploads\/DOCS\/20ANS\/BENEDICTE_TEMOIGNAGE.pdf\" class=\"pdfemb-viewer\" style=\"\" data-width=\"max\" data-height=\"max\" data-toolbar=\"both\" data-toolbar-fixed=\"on\">CCIC A 20 ANS (2004-2024) -TEMOIGNAGE DE BENEDICTE<\/a><\/p>\n<p>&nbsp;<\/p>\n<p style=\"text-align: center;\"><span style=\"color: #ff6600;\">Vous pouvez t\u00e9l<\/span><span style=\"color: #ff6600;\">\u00e9charger le t\u00e9moignage d&rsquo;Yandy Joset <\/span><a href=\"http:\/\/escm-ccic.org\/wp-content\/uploads\/2018\/01\/LE_DELF_AU_CCIC-.pdf\" xlink=\"href\">&nbsp;<\/a><span style=\"text-decoration: underline;\"><span style=\"color: #ff6600; text-decoration: underline;\"><a target=\"_blank\" href=\"http:\/\/escm-ccic.org\/wp-content\/uploads\/DOCS\/20ANS\/BENEDICTE_TEMOIGNAGE.pdf\" xlink=\"href\" rel=\"noopener\">en cliquant ici<\/a>.<\/span><\/span><\/p>\n<p style=\"text-align: center;\"><a href=\"https:\/\/escm-ccic.org\/wp-content\/uploads\/DOCS\/20ANS\/YANDY_JOSET_TEMOIGNAGE.pdf\" class=\"pdfemb-viewer\" style=\"\" data-width=\"max\" data-height=\"max\" data-toolbar=\"both\" data-toolbar-fixed=\"on\">CCIC A 20 ANS (2004-2024) -TEMOIGNAGE D&#039;YABDT JOSET<\/a><\/p>\n<p>&nbsp;<\/p>\n<p style=\"text-align: center;\"><span style=\"color: #ff6600;\">Vous pouvez t\u00e9l<\/span><span style=\"color: #ff6600;\">\u00e9charger le t\u00e9moignage de Willy <\/span><a href=\"http:\/\/escm-ccic.org\/wp-content\/uploads\/2018\/01\/LE_DELF_AU_CCIC-.pdf\" xlink=\"href\">&nbsp;<\/a><span style=\"text-decoration: underline;\"><span style=\"color: #ff6600; text-decoration: underline;\"><a target=\"_blank\" href=\"http:\/\/escm-ccic.org\/wp-content\/uploads\/DOCS\/20ANS\/WILLY_TEMOIGNAGE.pdf\" xlink=\"href\" rel=\"noopener\">en cliquant ici<\/a>.<\/span><\/span><\/p>\n<p style=\"text-align: center;\"><a href=\"https:\/\/escm-ccic.org\/wp-content\/uploads\/DOCS\/20ANS\/WILLY_TEMOIGNAGE.pdf\" class=\"pdfemb-viewer\" style=\"\" data-width=\"max\" data-height=\"max\" data-toolbar=\"both\" data-toolbar-fixed=\"on\">CCIC A 20 ANS (2004-2024) -TEMOIGNAGE DE WILLY<\/a><\/p>\n<p>&nbsp;<\/p>\n<p style=\"text-align: center;\"><span style=\"color: #ff6600;\">Vous pouvez t\u00e9l<\/span><span style=\"color: #ff6600;\">\u00e9charger le t\u00e9moignage de St\u00e9phan <\/span><a href=\"http:\/\/escm-ccic.org\/wp-content\/uploads\/2018\/01\/LE_DELF_AU_CCIC-.pdf\" xlink=\"href\">&nbsp;<\/a><span style=\"text-decoration: underline;\"><span style=\"color: #ff6600; text-decoration: underline;\"><a target=\"_blank\" href=\"http:\/\/escm-ccic.org\/wp-content\/uploads\/DOCS\/20ANS\/STEPHAN_TEMOIGNAGE.pdf\" xlink=\"href\" rel=\"noopener\">en cliquant ici<\/a>.<\/span><\/span><\/p>\n<p style=\"text-align: center;\"><a href=\"https:\/\/escm-ccic.org\/wp-content\/uploads\/DOCS\/20ANS\/STEPHAN_TEMOIGNAGE.pdf\" class=\"pdfemb-viewer\" style=\"\" data-width=\"max\" data-height=\"max\" data-toolbar=\"both\" data-toolbar-fixed=\"on\">CCIC A 20 ANS (2004-2024) -TEMOIGNAGE DE STEPHAN<\/a><\/p>\n<p>&nbsp;<\/p>\n<p style=\"text-align: center;\"><span style=\"color: #ff6600;\">Vous pouvez t\u00e9l<\/span><span style=\"color: #ff6600;\">\u00e9charger le t\u00e9moignage de B\u00e9n\u00e9dicte&nbsp;<\/span><a href=\"http:\/\/escm-ccic.org\/wp-content\/uploads\/2018\/01\/LE_DELF_AU_CCIC-.pdf\" xlink=\"href\">&nbsp;<\/a><span style=\"text-decoration: underline;\"><span style=\"color: #ff6600; text-decoration: underline;\"><a target=\"_blank\" href=\"http:\/\/escm-ccic.org\/wp-content\/uploads\/DOCS\/20ANS\/SINGENT_TEMOIGNAGE.pdf\" xlink=\"href\" rel=\"noopener\">en cliquant ici<\/a>.<\/span><\/span><\/p>\n<p style=\"text-align: center;\"><a href=\"https:\/\/escm-ccic.org\/wp-content\/uploads\/DOCS\/20ANS\/SINGENT_TEMOIGNAGE.pdf\" class=\"pdfemb-viewer\" style=\"\" data-width=\"max\" data-height=\"max\" data-toolbar=\"both\" data-toolbar-fixed=\"on\">CCIC A 20 ANS (2004-2024) -TEMOIGNAGE DE SINGENT<\/a><\/p>\n<p>&nbsp;<\/p>\n<p>&nbsp;<\/p>\n<p><\/p>\n<p><\/p>\n<\/div>","protected":false},"excerpt":{"rendered":"<p>Vous pouvez t\u00e9l\u00e9charger le t\u00e9moignage de B\u00e9n\u00e9dicte &nbsp;en cliquant ici. &nbsp; Vous pouvez t\u00e9l\u00e9charger le t\u00e9moignage d&rsquo;Yandy Joset &nbsp;en cliquant ici. &nbsp; Vous pouvez t\u00e9l\u00e9charger le t\u00e9moignage de Willy &nbsp;en cliquant ici. &nbsp; Vous pouvez t\u00e9l\u00e9charger le t\u00e9moignage de St\u00e9phan &nbsp;en cliquant ici. &nbsp; Vous pouvez t\u00e9l\u00e9charger le t\u00e9moignage de B\u00e9n\u00e9dicte&nbsp;&nbsp;en cliquant ici. &nbsp; &nbsp;<\/p>\n","protected":false},"author":1,"featured_media":0,"parent":314,"menu_order":0,"comment_status":"closed","ping_status":"closed","template":"page-templates\/page_fullwidth.php","meta":{"ngg_post_thumbnail":0,"footnotes":""},"_links":{"self":[{"href":"https:\/\/escm-ccic.org\/index.php\/wp-json\/wp\/v2\/pages\/1510"}],"collection":[{"href":"https:\/\/escm-ccic.org\/index.php\/wp-json\/wp\/v2\/pages"}],"about":[{"href":"https:\/\/escm-ccic.org\/index.php\/wp-json\/wp\/v2\/types\/page"}],"author":[{"embeddable":true,"href":"https:\/\/escm-ccic.org\/index.php\/wp-json\/wp\/v2\/users\/1"}],"replies":[{"embeddable":true,"href":"https:\/\/escm-ccic.org\/index.php\/wp-json\/wp\/v2\/comments?post=1510"}],"version-history":[{"count":6,"href":"https:\/\/escm-ccic.org\/index.php\/wp-json\/wp\/v2\/pages\/1510\/revisions"}],"predecessor-version":[{"id":1522,"href":"https:\/\/escm-ccic.org\/index.php\/wp-json\/wp\/v2\/pages\/1510\/revisions\/1522"}],"up":[{"embeddable":true,"href":"https:\/\/escm-ccic.org\/index.php\/wp-json\/wp\/v2\/pages\/314"}],"wp:attachment":[{"href":"https:\/\/escm-ccic.org\/index.php\/wp-json\/wp\/v2\/media?parent=1510"}],"curies":[{"name":"wp","href":"https:\/\/api.w.org\/{rel}","templated":true}]}}