{"id":1491,"date":"2024-02-14T17:11:18","date_gmt":"2024-02-14T15:11:18","guid":{"rendered":"https:\/\/escm-ccic.org\/?page_id=1491"},"modified":"2024-02-14T17:11:19","modified_gmt":"2024-02-14T15:11:19","slug":"action2019-2-2-2-2-2","status":"publish","type":"page","link":"https:\/\/escm-ccic.org\/index.php\/escm\/escm-activites\/action2019-2-2-2-2-2\/","title":{"rendered":"TRAVAUX TERMINES"},"content":{"rendered":"<div class=\"pbs-main-wrapper\"><p>Nous avons l&rsquo;immense plaisir de vous annoncer que les travaux de r\u00e9novation effectu\u00e9s au CCIC sont termin\u00e9s. Un grand merci \u00e0 vous tous pour vos g\u00e9n\u00e9reux dons !<\/p>\n<p>La rentr\u00e9e des \u00e9l\u00e8ves au Centre est pr\u00e9vue le 9 janvier 2023, date du retour des vacances de No\u00ebl \u00e0 Madagascar.<\/p>\n<p style=\"text-align: center;\"><span style=\"color: #ff6600;\">Vous pouvez t\u00e9l<\/span><span style=\"color: #ff6600;\">\u00e9charger ce fichier PDF<\/span><a href=\"http:\/\/escm-ccic.org\/wp-content\/uploads\/2018\/01\/LE_DELF_AU_CCIC-.pdf\" xlink=\"href\"> <\/a><span style=\"text-decoration: underline;\"><span style=\"color: #ff6600; text-decoration: underline;\"><a target=\"_blank\" href=\"http:\/\/escm-ccic.org\/wp-content\/uploads\/DOCS\/NOS_ACTIONS\/Travaux.pdf\" xlink=\"href\" rel=\"noopener\">en cliquant ici<\/a>.<\/span><\/span><\/p>\n<p style=\"text-align: center;\">&nbsp;<\/p>\n<p style=\"text-align: center;\">&nbsp;<\/p>\n<p style=\"text-align: center;\"><a href=\"https:\/\/escm-ccic.org\/wp-content\/uploads\/DOCS\/NOS_ACTIONS\/Travaux.pdf\" class=\"pdfemb-viewer\" style=\"\" data-width=\"max\" data-height=\"max\" data-toolbar=\"both\" data-toolbar-fixed=\"on\">TRAVAUX TERMINES<\/a><\/p>\n<p>&nbsp;<\/p>\n<\/div>","protected":false},"excerpt":{"rendered":"<p>Nous avons l&rsquo;immense plaisir de vous annoncer que les travaux de r\u00e9novation effectu\u00e9s au CCIC sont termin\u00e9s. Un grand merci \u00e0 vous tous pour vos g\u00e9n\u00e9reux dons ! La rentr\u00e9e des \u00e9l\u00e8ves au Centre est pr\u00e9vue le 9 janvier 2023, date du retour des vacances de No\u00ebl \u00e0 Madagascar. Vous pouvez t\u00e9l\u00e9charger ce fichier PDF [&hellip;]<\/p>\n","protected":false},"author":1,"featured_media":0,"parent":314,"menu_order":0,"comment_status":"closed","ping_status":"closed","template":"page-templates\/page_fullwidth.php","meta":{"ngg_post_thumbnail":0,"footnotes":""},"_links":{"self":[{"href":"https:\/\/escm-ccic.org\/index.php\/wp-json\/wp\/v2\/pages\/1491"}],"collection":[{"href":"https:\/\/escm-ccic.org\/index.php\/wp-json\/wp\/v2\/pages"}],"about":[{"href":"https:\/\/escm-ccic.org\/index.php\/wp-json\/wp\/v2\/types\/page"}],"author":[{"embeddable":true,"href":"https:\/\/escm-ccic.org\/index.php\/wp-json\/wp\/v2\/users\/1"}],"replies":[{"embeddable":true,"href":"https:\/\/escm-ccic.org\/index.php\/wp-json\/wp\/v2\/comments?post=1491"}],"version-history":[{"count":2,"href":"https:\/\/escm-ccic.org\/index.php\/wp-json\/wp\/v2\/pages\/1491\/revisions"}],"predecessor-version":[{"id":1493,"href":"https:\/\/escm-ccic.org\/index.php\/wp-json\/wp\/v2\/pages\/1491\/revisions\/1493"}],"up":[{"embeddable":true,"href":"https:\/\/escm-ccic.org\/index.php\/wp-json\/wp\/v2\/pages\/314"}],"wp:attachment":[{"href":"https:\/\/escm-ccic.org\/index.php\/wp-json\/wp\/v2\/media?parent=1491"}],"curies":[{"name":"wp","href":"https:\/\/api.w.org\/{rel}","templated":true}]}}