{"id":1432,"date":"2021-11-01T19:07:10","date_gmt":"2021-11-01T17:07:10","guid":{"rendered":"https:\/\/escm-ccic.org\/?page_id=1432"},"modified":"2024-02-23T18:59:13","modified_gmt":"2024-02-23T16:59:13","slug":"action2012","status":"publish","type":"page","link":"https:\/\/escm-ccic.org\/index.php\/escm\/escm-activites\/action2012\/","title":{"rendered":"NOTRE ACTION POUR MADAGASCAR ANNEE 2012"},"content":{"rendered":"<div class=\"pbs-main-wrapper\"><p style=\"text-align: center;\"><span style=\"color: #ff6600;\">Vous pouvez t\u00e9l<\/span><span style=\"color: #ff6600;\">\u00e9charger ce fichier PDF<\/span><a href=\"http:\/\/escm-ccic.org\/wp-content\/uploads\/2018\/01\/LE_DELF_AU_CCIC-.pdf\" xlink=\"href\"> <\/a><span style=\"text-decoration: underline;\"><span style=\"color: #ff6600; text-decoration: underline;\"><a target=\"_blank\" href=\"http:\/\/escm-ccic.org\/wp-content\/uploads\/DOCS\/NOS_ACTIONS\/NOTRE_ACTION_2012.pdf\" xlink=\"href\" rel=\"noopener\">en cliquant ici<\/a>.<\/span><\/span><\/p>\n<p style=\"text-align: center;\">&nbsp;<\/p>\n<p style=\"text-align: center;\">&nbsp;<\/p>\n<p style=\"text-align: center;\"><a href=\"https:\/\/escm-ccic.org\/wp-content\/uploads\/DOCS\/NOS_ACTIONS\/NOTRE_ACTION_2012.pdf\" class=\"pdfemb-viewer\" style=\"\" data-width=\"max\" data-height=\"max\" data-toolbar=\"both\" data-toolbar-fixed=\"on\">NOTRE_ACTION_POUR_MADAGASCAR_ANNEE_2012<\/a><\/p>\n<p><span style=\"color: #ff9900;\"><em>Veuillez cliquer sur les fl\u00eaches pour d\u00e9ployer les autres pages de l&rsquo;action de l&rsquo;ann\u00e9e !<\/em><\/span><\/p>\n<p>&nbsp;<\/p>\n<\/div>","protected":false},"excerpt":{"rendered":"<p>Vous pouvez t\u00e9l\u00e9charger ce fichier PDF en cliquant ici. &nbsp; &nbsp; Veuillez cliquer sur les fl\u00eaches pour d\u00e9ployer les autres pages de l&rsquo;action de l&rsquo;ann\u00e9e ! &nbsp;<\/p>\n","protected":false},"author":1,"featured_media":0,"parent":314,"menu_order":0,"comment_status":"closed","ping_status":"closed","template":"page-templates\/page_fullwidth.php","meta":{"ngg_post_thumbnail":0,"footnotes":""},"_links":{"self":[{"href":"https:\/\/escm-ccic.org\/index.php\/wp-json\/wp\/v2\/pages\/1432"}],"collection":[{"href":"https:\/\/escm-ccic.org\/index.php\/wp-json\/wp\/v2\/pages"}],"about":[{"href":"https:\/\/escm-ccic.org\/index.php\/wp-json\/wp\/v2\/types\/page"}],"author":[{"embeddable":true,"href":"https:\/\/escm-ccic.org\/index.php\/wp-json\/wp\/v2\/users\/1"}],"replies":[{"embeddable":true,"href":"https:\/\/escm-ccic.org\/index.php\/wp-json\/wp\/v2\/comments?post=1432"}],"version-history":[{"count":3,"href":"https:\/\/escm-ccic.org\/index.php\/wp-json\/wp\/v2\/pages\/1432\/revisions"}],"predecessor-version":[{"id":1507,"href":"https:\/\/escm-ccic.org\/index.php\/wp-json\/wp\/v2\/pages\/1432\/revisions\/1507"}],"up":[{"embeddable":true,"href":"https:\/\/escm-ccic.org\/index.php\/wp-json\/wp\/v2\/pages\/314"}],"wp:attachment":[{"href":"https:\/\/escm-ccic.org\/index.php\/wp-json\/wp\/v2\/media?parent=1432"}],"curies":[{"name":"wp","href":"https:\/\/api.w.org\/{rel}","templated":true}]}}